{"id":82,"date":"2021-02-15T09:09:04","date_gmt":"2021-02-15T07:09:04","guid":{"rendered":"https:\/\/rhrsaarikoski-fi.hel6.wp-cloud.dev\/?page_id=82"},"modified":"2021-02-15T14:52:23","modified_gmt":"2021-02-15T12:52:23","slug":"_laskutustiedot","status":"publish","type":"page","link":"https:\/\/rhrsaarikoski.fi\/?page_id=82","title":{"rendered":"Laskutustiedot"},"content":{"rendered":"<p>[et_pb_section fb_built=&#8221;1&#8243; _builder_version=&#8221;4.9.0&#8243; _module_preset=&#8221;default&#8221;][et_pb_row _builder_version=&#8221;4.9.0&#8243; _module_preset=&#8221;default&#8221;][et_pb_column _builder_version=&#8221;4.9.0&#8243; _module_preset=&#8221;default&#8221; type=&#8221;4_4&#8243;][et_pb_text _builder_version=&#8221;4.9.0&#8243; _module_preset=&#8221;default&#8221; hover_enabled=&#8221;0&#8243; sticky_enabled=&#8221;0&#8243;]<\/p>\n<div class=\"widget widget-text \" id=\"widget-c2326136-306a-6819-9385-fd128dc1319d\">\n<div class=\"widget-content\">\n<p><span style=\"font-size: large;\"><strong><span style=\"font-family: Andika, sans-serif;\">RHR<\/span><\/strong><span style=\"font-family: Andika, sans-serif;\"><strong> Saarikoski Oy<\/strong>\u00a0\u00a0\u00a0 <\/span><\/span><\/p>\n<p><span style=\"font-family: Andika, sans-serif; font-size: large;\">Y-tunnus 0773112-1 <br \/> Verkkolaskuosoite: 003707731121 <br \/> Operaattori: Pagero <br \/> V\u00e4litt\u00e4j\u00e4n tunnus: 003723609900 <\/span><\/p>\n<p><span style=\"font-size: large;\">Mik\u00e4li k\u00e4yt\u00f6ss\u00e4nne on paperinen laskutus, pyyd\u00e4mme teit\u00e4 l\u00e4hett\u00e4m\u00e4\u00e4n laskut alla olevaan osoitteeseen. Huomioittehan ett\u00e4 alla olevat tiedot tulee n\u00e4ky\u00e4 sellaisenaan skannattavassa laskukuvassa, tiedot pelk\u00e4ss\u00e4 kirjekuoressa eiv\u00e4t riit\u00e4.<\/span><\/p>\n<p><span style=\"font-size: large;\">RHR Saarikoski Oy <\/span><br \/><span style=\"font-size: large;\"> OVT 003707731121 <\/span><br \/><span style=\"font-size: large;\"> PL 908 <\/span><br \/><span style=\"font-size: large;\"> 02066 DOCUSCAN<\/span><\/p>\n<p><span style=\"font-size: large; font-family: Andika, sans-serif;\">S\u00e4hk\u00f6postilaskuille tulee vastaanottaja merkit\u00e4 samaan tapaan kuin paperilaskuille.<br \/> <\/span><\/p>\n<p><span style=\"font-family: Andika, sans-serif; font-size: large;\">\u00a0<\/span><\/p>\n<p><span style=\"font-size: large; font-family: Andika, sans-serif;\">Kysymykset laskutuksesta:<\/span><\/p>\n<p><span style=\"font-size: large; font-family: Andika, sans-serif;\">sirpa.heikkila@rhr.inet.fi<\/span><\/p>\n<p><span style=\"font-size: large; font-family: Andika, sans-serif;\">0400819044<\/span><\/p>\n<\/div>\n<\/div>\n<p>[\/et_pb_text][\/et_pb_column][\/et_pb_row][\/et_pb_section]<\/p>\n","protected":false},"excerpt":{"rendered":"<p>RHR Saarikoski Oy\u00a0\u00a0\u00a0 Y-tunnus 0773112-1 Verkkolaskuosoite: 003707731121 Operaattori: Pagero V\u00e4litt\u00e4j\u00e4n tunnus: 003723609900 Mik\u00e4li k\u00e4yt\u00f6ss\u00e4nne on paperinen laskutus, pyyd\u00e4mme teit\u00e4 l\u00e4hett\u00e4m\u00e4\u00e4n laskut alla olevaan osoitteeseen. Huomioittehan ett\u00e4 alla olevat tiedot tulee n\u00e4ky\u00e4 sellaisenaan skannattavassa laskukuvassa, tiedot pelk\u00e4ss\u00e4 kirjekuoressa eiv\u00e4t riit\u00e4. RHR Saarikoski Oy OVT 003707731121 PL 908 02066 DOCUSCAN S\u00e4hk\u00f6postilaskuille tulee vastaanottaja merkit\u00e4 samaan tapaan kuin [&hellip;]<\/p>\n","protected":false},"author":1,"featured_media":0,"parent":0,"menu_order":0,"comment_status":"closed","ping_status":"closed","template":"","meta":{"_et_pb_use_builder":"on","_et_pb_old_content":"","_et_gb_content_width":"","footnotes":""},"class_list":["post-82","page","type-page","status-publish","hentry"],"_links":{"self":[{"href":"https:\/\/rhrsaarikoski.fi\/index.php?rest_route=\/wp\/v2\/pages\/82","targetHints":{"allow":["GET"]}}],"collection":[{"href":"https:\/\/rhrsaarikoski.fi\/index.php?rest_route=\/wp\/v2\/pages"}],"about":[{"href":"https:\/\/rhrsaarikoski.fi\/index.php?rest_route=\/wp\/v2\/types\/page"}],"author":[{"embeddable":true,"href":"https:\/\/rhrsaarikoski.fi\/index.php?rest_route=\/wp\/v2\/users\/1"}],"replies":[{"embeddable":true,"href":"https:\/\/rhrsaarikoski.fi\/index.php?rest_route=%2Fwp%2Fv2%2Fcomments&post=82"}],"version-history":[{"count":6,"href":"https:\/\/rhrsaarikoski.fi\/index.php?rest_route=\/wp\/v2\/pages\/82\/revisions"}],"predecessor-version":[{"id":282,"href":"https:\/\/rhrsaarikoski.fi\/index.php?rest_route=\/wp\/v2\/pages\/82\/revisions\/282"}],"wp:attachment":[{"href":"https:\/\/rhrsaarikoski.fi\/index.php?rest_route=%2Fwp%2Fv2%2Fmedia&parent=82"}],"curies":[{"name":"wp","href":"https:\/\/api.w.org\/{rel}","templated":true}]}}